{"id":1080,"date":"2026-04-06T00:32:25","date_gmt":"2026-04-06T05:32:25","guid":{"rendered":"https:\/\/www.magnaltda.com.co\/?page_id=1080"},"modified":"2026-04-06T01:34:09","modified_gmt":"2026-04-06T06:34:09","slug":"somos","status":"publish","type":"page","link":"https:\/\/www.magnaltda.com.co\/?page_id=1080","title":{"rendered":"Somos"},"content":{"rendered":"\t\t<div data-elementor-type=\"wp-page\" data-elementor-id=\"1080\" class=\"elementor elementor-1080\">\n\t\t\t\t<div class=\"elementor-element elementor-element-7e1bde4e e-flex e-con-boxed e-con e-parent\" data-id=\"7e1bde4e\" data-element_type=\"container\" data-e-type=\"container\" data-settings=\"{&quot;background_background&quot;:&quot;video&quot;,&quot;background_video_link&quot;:&quot;https:\\\/\\\/www.youtube.com\\\/watch?v=-PzRY0wOHh0&quot;,&quot;background_play_on_mobile&quot;:&quot;yes&quot;}\">\n\t\t\t\t\t<div class=\"e-con-inner\">\n\t\t<div class=\"elementor-background-video-container\">\n\t\t\t\t\t\t\t<div class=\"elementor-background-video-embed\" role=\"presentation\"><\/div>\n\t\t\t\t\t\t<\/div><div class=\"elementor-element elementor-element-4dbb8f8a e-con-full e-flex e-con e-child\" data-id=\"4dbb8f8a\" data-element_type=\"container\" data-e-type=\"container\">\n\t\t\t\t<div class=\"elementor-element elementor-element-4c24ca8a elementor-widget elementor-widget-heading\" data-id=\"4c24ca8a\" data-element_type=\"widget\" data-e-type=\"widget\" data-widget_type=\"heading.default\">\n\t\t\t\t\t<h2 class=\"elementor-heading-title elementor-size-default\">SOMOS<\/h2>\t\t\t\t<\/div>\n\t\t\t\t<\/div>\n\t\t\t\t\t<\/div>\n\t\t\t\t<\/div>\n\t\t<div class=\"elementor-element elementor-element-c507dff e-flex e-con-boxed e-con e-parent\" data-id=\"c507dff\" data-element_type=\"container\" data-e-type=\"container\">\n\t\t\t\t\t<div class=\"e-con-inner\">\n\t\t<div class=\"elementor-element elementor-element-22f80b4 e-con-full e-flex e-con e-child\" data-id=\"22f80b4\" data-element_type=\"container\" data-e-type=\"container\">\n\t\t\t\t<div class=\"elementor-element elementor-element-840f54d elementor-widget elementor-widget-heading\" data-id=\"840f54d\" data-element_type=\"widget\" data-e-type=\"widget\" data-widget_type=\"heading.default\">\n\t\t\t\t\t<h2 class=\"elementor-heading-title elementor-size-default\">Nosotros<\/h2>\t\t\t\t<\/div>\n\t\t\t\t<div class=\"elementor-element elementor-element-1c18a09 elementor-widget elementor-widget-text-editor\" data-id=\"1c18a09\" data-element_type=\"widget\" data-e-type=\"widget\" data-widget_type=\"text-editor.default\">\n\t\t\t\t\t\t\t\t\t<div class=\"p-ics1573 pagelayer-heading\"><div class=\"pagelayer-heading-holder\"><p>Somos una Agencia de Seguros con m\u00e1s de 42 a\u00f1os generando confianza en aseguramiento a nuestros clientes, brindando soluciones profesionales en promoci\u00f3n y prevenci\u00f3n, con transparencia, diligencia y eficacia.<\/p><\/div><\/div><div class=\"p-hjc8524 pagelayer-heading\"><div class=\"pagelayer-heading-holder\"><p>En MAGNA contamos con toda la infraestructura humana y operativa que nos garantiza prestar y ejecutar excelentes ofertas de servicios. Nuestro enfoque est\u00e1 centrado en proteger lo que m\u00e1s valoras.<\/p><\/div><\/div>\t\t\t\t\t\t\t\t<\/div>\n\t\t\t\t<div class=\"elementor-element elementor-element-74ae660 elementor-widget elementor-widget-heading\" data-id=\"74ae660\" data-element_type=\"widget\" data-e-type=\"widget\" data-widget_type=\"heading.default\">\n\t\t\t\t\t<h2 class=\"elementor-heading-title elementor-size-default\">Nuestro Equipo<\/h2>\t\t\t\t<\/div>\n\t\t\t\t<div class=\"elementor-element elementor-element-e7ef418 elementor-widget elementor-widget-text-editor\" data-id=\"e7ef418\" data-element_type=\"widget\" data-e-type=\"widget\" data-widget_type=\"text-editor.default\">\n\t\t\t\t\t\t\t\t\t<div class=\"p-ga13046 pagelayer-heading\"><div class=\"pagelayer-heading-holder\"><p>Nuestro equipo de expertos trabaja incansablemente para brindarte asesor\u00eda profesional, gui\u00e1ndote en cada etapa del proceso de aseguramiento. Desde la evaluaci\u00f3n inicial hasta la gesti\u00f3n de reclamaciones.\u00a0<\/p><\/div><\/div><div class=\"p-75b1374 pagelayer-text\"><div class=\"pagelayer-text-holder\"><p>Brindamos asesor\u00eda en las diferentes especialidades relacionadas con Seguros y Riesgos Laborales Profesionales, respaldados por las principales aseguradoras del mercado colombiano, brindando un servicio personalizado para empresas y personas.<\/p><\/div><\/div>\t\t\t\t\t\t\t\t<\/div>\n\t\t\t\t<\/div>\n\t\t<div class=\"elementor-element elementor-element-d057968 e-con-full e-flex e-con e-child\" data-id=\"d057968\" data-element_type=\"container\" data-e-type=\"container\">\n\t\t\t\t<div class=\"elementor-element elementor-element-4753f5c elementor-invisible elementor-widget elementor-widget-image\" data-id=\"4753f5c\" data-element_type=\"widget\" data-e-type=\"widget\" data-settings=\"{&quot;_animation&quot;:&quot;fadeInRight&quot;}\" data-widget_type=\"image.default\">\n\t\t\t\t\t\t\t\t\t\t\t\t\t\t\t<img fetchpriority=\"high\" decoding=\"async\" width=\"768\" height=\"960\" src=\"https:\/\/www.magnaltda.com.co\/wp-content\/uploads\/2025\/10\/Nuevas-publicaciones-MAGNA-12-768x960.png\" class=\"attachment-medium_large size-medium_large wp-image-131\" alt=\"\" srcset=\"https:\/\/www.magnaltda.com.co\/wp-content\/uploads\/2025\/10\/Nuevas-publicaciones-MAGNA-12-768x960.png 768w, https:\/\/www.magnaltda.com.co\/wp-content\/uploads\/2025\/10\/Nuevas-publicaciones-MAGNA-12-240x300.png 240w, https:\/\/www.magnaltda.com.co\/wp-content\/uploads\/2025\/10\/Nuevas-publicaciones-MAGNA-12-819x1024.png 819w, https:\/\/www.magnaltda.com.co\/wp-content\/uploads\/2025\/10\/Nuevas-publicaciones-MAGNA-12.png 1080w\" sizes=\"(max-width: 768px) 100vw, 768px\" \/>\t\t\t\t\t\t\t\t\t\t\t\t\t\t\t<\/div>\n\t\t\t\t<\/div>\n\t\t\t\t\t<\/div>\n\t\t\t\t<\/div>\n\t\t<div class=\"elementor-element elementor-element-38295e6b e-flex e-con-boxed e-con e-parent\" data-id=\"38295e6b\" data-element_type=\"container\" data-e-type=\"container\" data-settings=\"{&quot;background_background&quot;:&quot;classic&quot;}\">\n\t\t\t\t\t<div class=\"e-con-inner\">\n\t\t<div class=\"elementor-element elementor-element-2a79fb6e e-con-full e-flex e-con e-child\" data-id=\"2a79fb6e\" data-element_type=\"container\" data-e-type=\"container\">\n\t\t\t\t<\/div>\n\t\t<div class=\"elementor-element elementor-element-1e8804a8 e-con-full e-flex e-con e-child\" data-id=\"1e8804a8\" data-element_type=\"container\" data-e-type=\"container\">\n\t\t\t\t<div class=\"elementor-element elementor-element-262aface elementor-invisible elementor-widget elementor-widget-image\" data-id=\"262aface\" data-element_type=\"widget\" data-e-type=\"widget\" data-settings=\"{&quot;_animation&quot;:&quot;fadeInLeft&quot;}\" data-widget_type=\"image.default\">\n\t\t\t\t\t\t\t\t\t\t\t\t\t\t\t<img decoding=\"async\" width=\"300\" height=\"161\" src=\"https:\/\/www.magnaltda.com.co\/wp-content\/uploads\/2026\/03\/blanco1-300x161.png\" class=\"attachment-medium size-medium wp-image-914\" alt=\"\" srcset=\"https:\/\/www.magnaltda.com.co\/wp-content\/uploads\/2026\/03\/blanco1-300x161.png 300w, https:\/\/www.magnaltda.com.co\/wp-content\/uploads\/2026\/03\/blanco1-1024x549.png 1024w, https:\/\/www.magnaltda.com.co\/wp-content\/uploads\/2026\/03\/blanco1-768x412.png 768w, https:\/\/www.magnaltda.com.co\/wp-content\/uploads\/2026\/03\/blanco1-1536x823.png 1536w, https:\/\/www.magnaltda.com.co\/wp-content\/uploads\/2026\/03\/blanco1-2048x1098.png 2048w\" sizes=\"(max-width: 300px) 100vw, 300px\" \/>\t\t\t\t\t\t\t\t\t\t\t\t\t\t\t<\/div>\n\t\t\t\t<\/div>\n\t\t\t\t\t<\/div>\n\t\t\t\t<\/div>\n\t\t<div class=\"elementor-element elementor-element-b3b2e5a e-flex e-con-boxed e-con e-parent\" data-id=\"b3b2e5a\" data-element_type=\"container\" data-e-type=\"container\">\n\t\t\t\t\t<div class=\"e-con-inner\">\n\t\t<div class=\"elementor-element elementor-element-27d5777 e-con-full e-flex e-con e-child\" data-id=\"27d5777\" data-element_type=\"container\" data-e-type=\"container\">\n\t\t\t\t<div class=\"elementor-element elementor-element-502c8fd elementor-widget elementor-widget-heading\" data-id=\"502c8fd\" data-element_type=\"widget\" data-e-type=\"widget\" data-widget_type=\"heading.default\">\n\t\t\t\t\t<h2 class=\"elementor-heading-title elementor-size-default\">Misi\u00f3n <\/h2>\t\t\t\t<\/div>\n\t\t\t\t<div class=\"elementor-element elementor-element-171dd4d elementor-widget elementor-widget-text-editor\" data-id=\"171dd4d\" data-element_type=\"widget\" data-e-type=\"widget\" data-widget_type=\"text-editor.default\">\n\t\t\t\t\t\t\t\t\t<div class=\"p-ga13046 pagelayer-heading\"><div class=\"pagelayer-heading-holder\"><div class=\"p-hc87866 pagelayer-text\"><div class=\"pagelayer-text-holder\"><p><span class=\"a_GcMg font-feature-liga-off font-feature-clig-off font-feature-calt-off text-decoration-none text-strikethrough-none\">En\u00a0<\/span><span class=\"a_GcMg font-feature-liga-off font-feature-clig-off font-feature-calt-off text-decoration-none text-strikethrough-none\">MAGNA Agencia de Seguros<\/span><span class=\"a_GcMg font-feature-liga-off font-feature-clig-off font-feature-calt-off text-decoration-none text-strikethrough-none\">, brindamos asesor\u00eda experta y soluciones integrales en seguros y riesgos laborales para personas y empresas. Nos enfocamos en ofrecer un servicio<\/span><span class=\"a_GcMg font-feature-liga-off font-feature-clig-off font-feature-calt-off text-decoration-none text-strikethrough-none\">\u00a0transparente,\u00a0personalizado y eficiente<\/span><span class=\"a_GcMg font-feature-liga-off font-feature-clig-off font-feature-calt-off text-decoration-none text-strikethrough-none\">, garantizando protecci\u00f3n, crecimiento y tranquilidad a nuestros clientes<\/span><span class=\"a_GcMg font-feature-liga-off font-feature-clig-off font-feature-calt-off text-decoration-none text-strikethrough-none\">.<\/span><\/p><\/div><\/div><div class=\"p-4l15947 pagelayer-text\"><div class=\"pagelayer-text-holder\"><p><span class=\"a_GcMg font-feature-liga-off font-feature-clig-off font-feature-calt-off text-decoration-none text-strikethrough-none\">M\u00e1s que\u00a0intermediarios,\u00a0somos\u00a0<\/span><span class=\"a_GcMg font-feature-liga-off font-feature-clig-off font-feature-calt-off text-decoration-none text-strikethrough-none\">aliados estrat\u00e9gicos<\/span><span class=\"a_GcMg font-feature-liga-off font-feature-clig-off font-feature-calt-off text-decoration-none text-strikethrough-none\">\u00a0que respaldan cada etapa de tu vida y negocio.<\/span><\/p><\/div><\/div><\/div><\/div>\t\t\t\t\t\t\t\t<\/div>\n\t\t\t\t<\/div>\n\t\t<div class=\"elementor-element elementor-element-c0c04d8 e-con-full e-flex e-con e-child\" data-id=\"c0c04d8\" data-element_type=\"container\" data-e-type=\"container\">\n\t\t\t\t<div class=\"elementor-element elementor-element-5e74a30 elementor-widget elementor-widget-heading\" data-id=\"5e74a30\" data-element_type=\"widget\" data-e-type=\"widget\" data-widget_type=\"heading.default\">\n\t\t\t\t\t<h2 class=\"elementor-heading-title elementor-size-default\">Visi\u00f3n <\/h2>\t\t\t\t<\/div>\n\t\t\t\t<div class=\"elementor-element elementor-element-a89e833 elementor-widget elementor-widget-text-editor\" data-id=\"a89e833\" data-element_type=\"widget\" data-e-type=\"widget\" data-widget_type=\"text-editor.default\">\n\t\t\t\t\t\t\t\t\t<div class=\"p-ga13046 pagelayer-heading\"><div class=\"pagelayer-heading-holder\"><div class=\"p-hc87866 pagelayer-text\"><div class=\"pagelayer-text-holder\"><div class=\"p-wky3912 pagelayer-col pagelayer-col-6\"><div class=\"pagelayer-col-holder\"><div class=\"p-66b4788 pagelayer-text\"><div class=\"pagelayer-text-holder\"><p><span class=\"a_GcMg font-feature-liga-off font-feature-clig-off font-feature-calt-off text-decoration-none text-strikethrough-none\">Para el a\u00f1o 2030, MAGNA ser\u00e1 una de las\u00a0<\/span><span class=\"a_GcMg font-feature-liga-off font-feature-clig-off font-feature-calt-off text-decoration-none text-strikethrough-none\">agencias de seguros m\u00e1s reconocidas en Colombia<\/span><span class=\"a_GcMg font-feature-liga-off font-feature-clig-off font-feature-calt-off text-decoration-none text-strikethrough-none\">,<\/span><span class=\"a_GcMg font-feature-liga-off font-feature-clig-off font-feature-calt-off text-decoration-none text-strikethrough-none\">\u00a0destac\u00e1ndose por su innovaci\u00f3n, excelencia en servicio y compromiso con la seguridad de sus clientes.<\/span><\/p><\/div><\/div><div class=\"p-uf17969 pagelayer-text\"><div class=\"pagelayer-text-holder\"><p><span class=\"a_GcMg font-feature-liga-off font-feature-clig-off font-feature-calt-off text-decoration-none text-strikethrough-none\">Buscamos transformar la industria aseguradora a trav\u00e9s de tecnolog\u00eda,\u00a0<\/span><span class=\"a_GcMg font-feature-liga-off font-feature-clig-off font-feature-calt-off text-decoration-none text-strikethrough-none\">asesor\u00eda de alto nivel y confianza<\/span><span class=\"a_GcMg font-feature-liga-off font-feature-clig-off font-feature-calt-off text-decoration-none text-strikethrough-none\">,<\/span><span class=\"a_GcMg font-feature-liga-off font-feature-clig-off font-feature-calt-off text-decoration-none text-strikethrough-none\">\u00a0consolid\u00e1ndonos como el socio ideal en protecci\u00f3n y prevenci\u00f3n de riesgos.<\/span><\/p><\/div><\/div><\/div><\/div><div class=\"p-jwp2693 pagelayer-col pagelayer-col-6\"><div class=\"pagelayer-col-holder\"><div class=\"p-5eg7343 pagelayer-image\">\u00a0<\/div><\/div><\/div><\/div><\/div><\/div><\/div>\t\t\t\t\t\t\t\t<\/div>\n\t\t\t\t<\/div>\n\t\t\t\t\t<\/div>\n\t\t\t\t<\/div>\n\t\t<div class=\"elementor-element elementor-element-c463368 e-flex e-con-boxed e-con e-parent\" data-id=\"c463368\" data-element_type=\"container\" data-e-type=\"container\">\n\t\t\t\t\t<div class=\"e-con-inner\">\n\t\t\t\t\t<\/div>\n\t\t\t\t<\/div>\n\t\t<div class=\"elementor-element elementor-element-eb9ae20 e-flex e-con-boxed e-con e-parent\" data-id=\"eb9ae20\" data-element_type=\"container\" data-e-type=\"container\" data-settings=\"{&quot;background_background&quot;:&quot;classic&quot;}\">\n\t\t\t\t\t<div class=\"e-con-inner\">\n\t\t<div class=\"elementor-element elementor-element-34c924ad e-con-full e-flex e-con e-child\" data-id=\"34c924ad\" data-element_type=\"container\" data-e-type=\"container\">\n\t\t\t\t<\/div>\n\t\t<div class=\"elementor-element elementor-element-2b388e71 e-con-full e-flex e-con e-child\" data-id=\"2b388e71\" data-element_type=\"container\" data-e-type=\"container\">\n\t\t\t\t<div class=\"elementor-element elementor-element-5e93b135 elementor-widget elementor-widget-image\" data-id=\"5e93b135\" data-element_type=\"widget\" data-e-type=\"widget\" data-widget_type=\"image.default\">\n\t\t\t\t\t\t\t\t\t\t\t\t\t\t\t<img decoding=\"async\" width=\"300\" height=\"161\" src=\"https:\/\/www.magnaltda.com.co\/wp-content\/uploads\/2026\/03\/blanco1-300x161.png\" class=\"attachment-medium size-medium wp-image-914\" alt=\"\" srcset=\"https:\/\/www.magnaltda.com.co\/wp-content\/uploads\/2026\/03\/blanco1-300x161.png 300w, https:\/\/www.magnaltda.com.co\/wp-content\/uploads\/2026\/03\/blanco1-1024x549.png 1024w, https:\/\/www.magnaltda.com.co\/wp-content\/uploads\/2026\/03\/blanco1-768x412.png 768w, https:\/\/www.magnaltda.com.co\/wp-content\/uploads\/2026\/03\/blanco1-1536x823.png 1536w, https:\/\/www.magnaltda.com.co\/wp-content\/uploads\/2026\/03\/blanco1-2048x1098.png 2048w\" sizes=\"(max-width: 300px) 100vw, 300px\" \/>\t\t\t\t\t\t\t\t\t\t\t\t\t\t\t<\/div>\n\t\t\t\t<\/div>\n\t\t\t\t\t<\/div>\n\t\t\t\t<\/div>\n\t\t<div class=\"elementor-element elementor-element-220ffba1 e-flex e-con-boxed e-con e-parent\" data-id=\"220ffba1\" data-element_type=\"container\" data-e-type=\"container\">\n\t\t\t\t\t<div class=\"e-con-inner\">\n\t\t\t\t<div class=\"elementor-element elementor-element-245ac675 elementor-widget elementor-widget-image-carousel\" data-id=\"245ac675\" data-element_type=\"widget\" data-e-type=\"widget\" data-settings=\"{&quot;slides_to_show&quot;:&quot;7&quot;,&quot;slides_to_scroll&quot;:&quot;1&quot;,&quot;navigation&quot;:&quot;none&quot;,&quot;autoplay_speed&quot;:1000,&quot;slides_to_show_tablet&quot;:&quot;5&quot;,&quot;slides_to_show_mobile&quot;:&quot;5&quot;,&quot;autoplay&quot;:&quot;yes&quot;,&quot;pause_on_hover&quot;:&quot;yes&quot;,&quot;pause_on_interaction&quot;:&quot;yes&quot;,&quot;infinite&quot;:&quot;yes&quot;,&quot;speed&quot;:500}\" data-widget_type=\"image-carousel.default\">\n\t\t\t\t\t\t\t<div class=\"elementor-image-carousel-wrapper swiper\" role=\"region\" aria-roledescription=\"carousel\" aria-label=\"Carrusel de im\u00e1genes\" dir=\"ltr\">\n\t\t\t<div class=\"elementor-image-carousel swiper-wrapper\" aria-live=\"off\">\n\t\t\t\t\t\t\t\t<div class=\"swiper-slide\" role=\"group\" aria-roledescription=\"slide\" aria-label=\"1 of 10\"><figure class=\"swiper-slide-inner\"><img decoding=\"async\" class=\"swiper-slide-image\" src=\"https:\/\/www.magnaltda.com.co\/wp-content\/uploads\/2026\/03\/aurora-300x159.png\" alt=\"aurora\" \/><\/figure><\/div><div class=\"swiper-slide\" role=\"group\" aria-roledescription=\"slide\" aria-label=\"2 of 10\"><figure class=\"swiper-slide-inner\"><img decoding=\"async\" class=\"swiper-slide-image\" src=\"https:\/\/www.magnaltda.com.co\/wp-content\/uploads\/2026\/03\/axa-300x159.png\" alt=\"axa\" \/><\/figure><\/div><div class=\"swiper-slide\" role=\"group\" aria-roledescription=\"slide\" aria-label=\"3 of 10\"><figure class=\"swiper-slide-inner\"><img decoding=\"async\" class=\"swiper-slide-image\" src=\"https:\/\/www.magnaltda.com.co\/wp-content\/uploads\/2026\/03\/bolivar-300x159.png\" alt=\"bolivar\" \/><\/figure><\/div><div class=\"swiper-slide\" role=\"group\" aria-roledescription=\"slide\" aria-label=\"4 of 10\"><figure class=\"swiper-slide-inner\"><img decoding=\"async\" class=\"swiper-slide-image\" src=\"https:\/\/www.magnaltda.com.co\/wp-content\/uploads\/2026\/03\/colmena-300x159.png\" alt=\"colmena\" \/><\/figure><\/div><div class=\"swiper-slide\" role=\"group\" aria-roledescription=\"slide\" aria-label=\"5 of 10\"><figure class=\"swiper-slide-inner\"><img decoding=\"async\" class=\"swiper-slide-image\" src=\"https:\/\/www.magnaltda.com.co\/wp-content\/uploads\/2026\/03\/liberti-300x159.png\" alt=\"liberti\" \/><\/figure><\/div><div class=\"swiper-slide\" role=\"group\" aria-roledescription=\"slide\" aria-label=\"6 of 10\"><figure class=\"swiper-slide-inner\"><img decoding=\"async\" class=\"swiper-slide-image\" src=\"https:\/\/www.magnaltda.com.co\/wp-content\/uploads\/2026\/03\/mi-poli-300x159.png\" alt=\"mi poli\" \/><\/figure><\/div><div class=\"swiper-slide\" role=\"group\" aria-roledescription=\"slide\" aria-label=\"7 of 10\"><figure class=\"swiper-slide-inner\"><img decoding=\"async\" class=\"swiper-slide-image\" src=\"https:\/\/www.magnaltda.com.co\/wp-content\/uploads\/2026\/03\/positiva-300x159.png\" alt=\"positiva\" \/><\/figure><\/div><div class=\"swiper-slide\" role=\"group\" aria-roledescription=\"slide\" aria-label=\"8 of 10\"><figure class=\"swiper-slide-inner\"><img decoding=\"async\" class=\"swiper-slide-image\" src=\"https:\/\/www.magnaltda.com.co\/wp-content\/uploads\/2026\/03\/seguros-del-estado-300x159.png\" alt=\"seguros del estado\" \/><\/figure><\/div><div class=\"swiper-slide\" role=\"group\" aria-roledescription=\"slide\" aria-label=\"9 of 10\"><figure class=\"swiper-slide-inner\"><img decoding=\"async\" class=\"swiper-slide-image\" src=\"https:\/\/www.magnaltda.com.co\/wp-content\/uploads\/2026\/03\/sura-300x159.png\" alt=\"sura\" \/><\/figure><\/div><div class=\"swiper-slide\" role=\"group\" aria-roledescription=\"slide\" aria-label=\"10 of 10\"><figure class=\"swiper-slide-inner\"><img decoding=\"async\" class=\"swiper-slide-image\" src=\"https:\/\/www.magnaltda.com.co\/wp-content\/uploads\/2026\/03\/terrand-300x159.png\" alt=\"terrand\" \/><\/figure><\/div>\t\t\t<\/div>\n\t\t\t\t\t\t\t\n\t\t\t\t\t\t\t\t\t<\/div>\n\t\t\t\t\t\t<\/div>\n\t\t\t\t\t<\/div>\n\t\t\t\t<\/div>\n\t\t<div class=\"elementor-element elementor-element-1b58d2fc e-flex e-con-boxed e-con e-parent\" data-id=\"1b58d2fc\" data-element_type=\"container\" data-e-type=\"container\">\n\t\t\t\t\t<div class=\"e-con-inner\">\n\t\t<div class=\"elementor-element elementor-element-3cee5b42 e-con-full e-flex e-con e-child\" data-id=\"3cee5b42\" data-element_type=\"container\" data-e-type=\"container\">\n\t\t\t\t<div class=\"elementor-element elementor-element-2643b6f elementor-widget elementor-widget-heading\" data-id=\"2643b6f\" data-element_type=\"widget\" data-e-type=\"widget\" data-widget_type=\"heading.default\">\n\t\t\t\t\t<h2 class=\"elementor-heading-title elementor-size-default\">Contacto<\/h2>\t\t\t\t<\/div>\n\t\t\t\t<div class=\"elementor-element elementor-element-30707014 elementor-widget elementor-widget-heading\" data-id=\"30707014\" data-element_type=\"widget\" data-e-type=\"widget\" data-widget_type=\"heading.default\">\n\t\t\t\t\t<h2 class=\"elementor-heading-title elementor-size-default\">305 4826265 <\/h2>\t\t\t\t<\/div>\n\t\t\t\t<div class=\"elementor-element elementor-element-156f06a elementor-widget elementor-widget-heading\" data-id=\"156f06a\" data-element_type=\"widget\" data-e-type=\"widget\" data-widget_type=\"heading.default\">\n\t\t\t\t\t<h2 class=\"elementor-heading-title elementor-size-default\">comercial@magnaltda.com.co<\/h2>\t\t\t\t<\/div>\n\t\t\t\t<\/div>\n\t\t<div class=\"elementor-element elementor-element-571bf6ed e-con-full e-flex e-con e-child\" data-id=\"571bf6ed\" data-element_type=\"container\" data-e-type=\"container\">\n\t\t\t\t<div class=\"elementor-element elementor-element-3a66be78 elementor-widget elementor-widget-google_maps\" data-id=\"3a66be78\" data-element_type=\"widget\" data-e-type=\"widget\" data-widget_type=\"google_maps.default\">\n\t\t\t\t\t\t\t<div class=\"elementor-custom-embed\">\n\t\t\t<iframe loading=\"lazy\"\n\t\t\t\t\tsrc=\"https:\/\/maps.google.com\/maps?q=Cra.%207%20%2370A-21&#038;t=m&#038;z=16&#038;output=embed&#038;iwloc=near\"\n\t\t\t\t\ttitle=\"Cra. 7 #70A-21\"\n\t\t\t\t\taria-label=\"Cra. 7 #70A-21\"\n\t\t\t><\/iframe>\n\t\t<\/div>\n\t\t\t\t\t\t<\/div>\n\t\t\t\t<\/div>\n\t\t\t\t\t<\/div>\n\t\t\t\t<\/div>\n\t\t<div class=\"elementor-element elementor-element-ac7f8d3 e-flex e-con-boxed e-con e-parent\" data-id=\"ac7f8d3\" data-element_type=\"container\" data-e-type=\"container\">\n\t\t\t\t\t<div class=\"e-con-inner\">\n\t\t\t\t\t<\/div>\n\t\t\t\t<\/div>\n\t\t\t\t<\/div>\n\t\t","protected":false},"excerpt":{"rendered":"<p>SOMOS Nosotros Somos una Agencia de Seguros con m\u00e1s de 42 a\u00f1os generando confianza en aseguramiento a nuestros clientes, brindando [&hellip;]<\/p>\n","protected":false},"author":1,"featured_media":0,"parent":0,"menu_order":0,"comment_status":"closed","ping_status":"closed","template":"","meta":{"site-sidebar-layout":"no-sidebar","site-content-layout":"","ast-site-content-layout":"full-width-container","site-content-style":"default","site-sidebar-style":"default","ast-global-header-display":"","ast-banner-title-visibility":"","ast-main-header-display":"","ast-hfb-above-header-display":"","ast-hfb-below-header-display":"","ast-hfb-mobile-header-display":"","site-post-title":"disabled","ast-breadcrumbs-content":"","ast-featured-img":"disabled","footer-sml-layout":"","ast-disable-related-posts":"","theme-transparent-header-meta":"","adv-header-id-meta":"","stick-header-meta":"","header-above-stick-meta":"","header-main-stick-meta":"","header-below-stick-meta":"","astra-migrate-meta-layouts":"default","ast-page-background-enabled":"default","ast-page-background-meta":{"desktop":{"background-color":"var(--ast-global-color-5)","background-image":"","background-repeat":"repeat","background-position":"center center","background-size":"auto","background-attachment":"scroll","background-type":"","background-media":"","overlay-type":"","overlay-color":"","overlay-opacity":"","overlay-gradient":""},"tablet":{"background-color":"","background-image":"","background-repeat":"repeat","background-position":"center center","background-size":"auto","background-attachment":"scroll","background-type":"","background-media":"","overlay-type":"","overlay-color":"","overlay-opacity":"","overlay-gradient":""},"mobile":{"background-color":"","background-image":"","background-repeat":"repeat","background-position":"center center","background-size":"auto","background-attachment":"scroll","background-type":"","background-media":"","overlay-type":"","overlay-color":"","overlay-opacity":"","overlay-gradient":""}},"ast-content-background-meta":{"desktop":{"background-color":"var(--ast-global-color-4)","background-image":"","background-repeat":"repeat","background-position":"center center","background-size":"auto","background-attachment":"scroll","background-type":"","background-media":"","overlay-type":"","overlay-color":"","overlay-opacity":"","overlay-gradient":""},"tablet":{"background-color":"var(--ast-global-color-4)","background-image":"","background-repeat":"repeat","background-position":"center center","background-size":"auto","background-attachment":"scroll","background-type":"","background-media":"","overlay-type":"","overlay-color":"","overlay-opacity":"","overlay-gradient":""},"mobile":{"background-color":"var(--ast-global-color-4)","background-image":"","background-repeat":"repeat","background-position":"center center","background-size":"auto","background-attachment":"scroll","background-type":"","background-media":"","overlay-type":"","overlay-color":"","overlay-opacity":"","overlay-gradient":""}},"footnotes":""},"class_list":["post-1080","page","type-page","status-publish","hentry"],"_links":{"self":[{"href":"https:\/\/www.magnaltda.com.co\/index.php?rest_route=\/wp\/v2\/pages\/1080","targetHints":{"allow":["GET"]}}],"collection":[{"href":"https:\/\/www.magnaltda.com.co\/index.php?rest_route=\/wp\/v2\/pages"}],"about":[{"href":"https:\/\/www.magnaltda.com.co\/index.php?rest_route=\/wp\/v2\/types\/page"}],"author":[{"embeddable":true,"href":"https:\/\/www.magnaltda.com.co\/index.php?rest_route=\/wp\/v2\/users\/1"}],"replies":[{"embeddable":true,"href":"https:\/\/www.magnaltda.com.co\/index.php?rest_route=%2Fwp%2Fv2%2Fcomments&post=1080"}],"version-history":[{"count":28,"href":"https:\/\/www.magnaltda.com.co\/index.php?rest_route=\/wp\/v2\/pages\/1080\/revisions"}],"predecessor-version":[{"id":1141,"href":"https:\/\/www.magnaltda.com.co\/index.php?rest_route=\/wp\/v2\/pages\/1080\/revisions\/1141"}],"wp:attachment":[{"href":"https:\/\/www.magnaltda.com.co\/index.php?rest_route=%2Fwp%2Fv2%2Fmedia&parent=1080"}],"curies":[{"name":"wp","href":"https:\/\/api.w.org\/{rel}","templated":true}]}}